{"id":2,"date":"2021-12-28T10:21:02","date_gmt":"2021-12-28T10:21:02","guid":{"rendered":"https:\/\/fredyfehr.ch\/?page_id=2"},"modified":"2021-12-29T22:14:39","modified_gmt":"2021-12-29T22:14:39","slug":"sample-page","status":"publish","type":"page","link":"https:\/\/fredyfehr.ch\/?page_id=2","title":{"rendered":"Ausstellungen"},"content":{"rendered":"<ul>\n<li>In den 50er-Jahren viermal Beteiligung an der j\u00e4hrlichen Ausstellung Z\u00fcrcher K\u00fcnstler, <strong>Helmhaus <\/strong>Z\u00fcrich<\/li>\n<li>Beteiligung an drei Ausstellungen der K\u00fcnstlervereinigung \u201eReveil\u201c, davon einmal im <strong>Kunsthaus <\/strong>Z\u00fcrich<\/li>\n<li>1955 Wiediker K\u00fcnstler im <strong>Kirchgemeindehaus auf dem B\u00fchl<\/strong>, Z\u00fcrich 3<\/li>\n<li>1958 Beteiligung an Ausstellung zugunsten des Roten Kreuzes in den <strong>Baracken an der Gessnerallee<\/strong>, Z\u00fcrich<\/li>\n<li>1957 <strong>Galerie Beno<\/strong>, Z\u00fcrich<\/li>\n<li>1958 <strong>Galerie Zopfi<\/strong>, Schwanden GL<\/li>\n<li>1959 <strong>Galerie Walcheturm<\/strong>, Z\u00fcrich<\/li>\n<\/ul>\n<figure id=\"attachment_83\" aria-describedby=\"caption-attachment-83\" style=\"width: 750px\" class=\"wp-caption aligncenter\"><img data-recalc-dims=\"1\" loading=\"lazy\" decoding=\"async\" class=\"size-large wp-image-83\" src=\"https:\/\/i0.wp.com\/fredyfehr.ch\/wp-content\/uploads\/2021\/12\/fredi-fehr-159-ts1558108509-La-lecon-de-billard-Oel-auf-Leinwand-119x154-1.jpg?resize=750%2C571&#038;ssl=1\" alt=\"\" width=\"750\" height=\"571\" srcset=\"https:\/\/i0.wp.com\/fredyfehr.ch\/wp-content\/uploads\/2021\/12\/fredi-fehr-159-ts1558108509-La-lecon-de-billard-Oel-auf-Leinwand-119x154-1-scaled.jpg?resize=1024%2C780&amp;ssl=1 1024w, https:\/\/i0.wp.com\/fredyfehr.ch\/wp-content\/uploads\/2021\/12\/fredi-fehr-159-ts1558108509-La-lecon-de-billard-Oel-auf-Leinwand-119x154-1-scaled.jpg?resize=300%2C229&amp;ssl=1 300w, https:\/\/i0.wp.com\/fredyfehr.ch\/wp-content\/uploads\/2021\/12\/fredi-fehr-159-ts1558108509-La-lecon-de-billard-Oel-auf-Leinwand-119x154-1-scaled.jpg?resize=768%2C585&amp;ssl=1 768w, https:\/\/i0.wp.com\/fredyfehr.ch\/wp-content\/uploads\/2021\/12\/fredi-fehr-159-ts1558108509-La-lecon-de-billard-Oel-auf-Leinwand-119x154-1-scaled.jpg?resize=1536%2C1170&amp;ssl=1 1536w, https:\/\/i0.wp.com\/fredyfehr.ch\/wp-content\/uploads\/2021\/12\/fredi-fehr-159-ts1558108509-La-lecon-de-billard-Oel-auf-Leinwand-119x154-1-scaled.jpg?resize=2048%2C1560&amp;ssl=1 2048w, https:\/\/i0.wp.com\/fredyfehr.ch\/wp-content\/uploads\/2021\/12\/fredi-fehr-159-ts1558108509-La-lecon-de-billard-Oel-auf-Leinwand-119x154-1-scaled.jpg?resize=1568%2C1194&amp;ssl=1 1568w, https:\/\/i0.wp.com\/fredyfehr.ch\/wp-content\/uploads\/2021\/12\/fredi-fehr-159-ts1558108509-La-lecon-de-billard-Oel-auf-Leinwand-119x154-1-scaled.jpg?w=2250&amp;ssl=1 2250w\" sizes=\"auto, (max-width: 750px) 100vw, 750px\" \/><figcaption id=\"caption-attachment-83\" class=\"wp-caption-text\">Fredy Fehr, La lecon de billard, \u00d6l auf Leinwand<\/figcaption><\/figure>\n<p><strong>60er- und 70er-Jahre<\/strong><\/p>\n<ul>\n<li>1962 St\u00e4dtische Kunstkammer z.Strauhoff, heute <strong>Strauhof<\/strong> Z\u00fcrich<\/li>\n<li>1974 Beteiligung an Ausstellung \u201eZ\u00fcrcher K\u00fcnstler in den <strong>Z\u00fcspa-Hallen<\/strong>\u201c<\/li>\n<li>1976 Ausstellung in <strong>BP Personalrestaurant<\/strong> Z\u00fcrich<\/li>\n<li>1978 Ausstellung im <strong>Bongio, Coldrerio<\/strong><\/li>\n<\/ul>\n","protected":false},"excerpt":{"rendered":"<p>In den 50er-Jahren viermal Beteiligung an der j\u00e4hrlichen Ausstellung Z\u00fcrcher K\u00fcnstler, Helmhaus Z\u00fcrich Beteiligung an drei Ausstellungen der K\u00fcnstlervereinigung \u201eReveil\u201c, davon einmal im Kunsthaus Z\u00fcrich 1955 Wiediker K\u00fcnstler im Kirchgemeindehaus auf dem B\u00fchl, Z\u00fcrich 3 1958 Beteiligung an Ausstellung zugunsten des Roten Kreuzes in den Baracken an der Gessnerallee, Z\u00fcrich 1957 Galerie Beno, Z\u00fcrich 1958&hellip; <a class=\"more-link\" href=\"https:\/\/fredyfehr.ch\/?page_id=2\">Continue reading <span class=\"screen-reader-text\">Ausstellungen<\/span><\/a><\/p>\n","protected":false},"author":1,"featured_media":0,"parent":0,"menu_order":0,"comment_status":"closed","ping_status":"open","template":"","meta":{"ngg_post_thumbnail":0,"footnotes":""},"class_list":["post-2","page","type-page","status-publish","hentry","entry"],"yoast_head":"<!-- This site is optimized with the Yoast SEO plugin v27.4 - https:\/\/yoast.com\/product\/yoast-seo-wordpress\/ -->\n<title>Ausstellungen - Fredy Fehr<\/title>\n<meta name=\"robots\" content=\"index, follow, max-snippet:-1, max-image-preview:large, max-video-preview:-1\" \/>\n<link rel=\"canonical\" href=\"https:\/\/fredyfehr.ch\/?page_id=2\" \/>\n<meta property=\"og:locale\" content=\"de_DE\" \/>\n<meta property=\"og:type\" content=\"article\" \/>\n<meta property=\"og:title\" content=\"Ausstellungen - Fredy Fehr\" \/>\n<meta property=\"og:description\" content=\"In den 50er-Jahren viermal Beteiligung an der j\u00e4hrlichen Ausstellung Z\u00fcrcher K\u00fcnstler, Helmhaus Z\u00fcrich Beteiligung an drei Ausstellungen der K\u00fcnstlervereinigung \u201eReveil\u201c, davon einmal im Kunsthaus Z\u00fcrich 1955 Wiediker K\u00fcnstler im Kirchgemeindehaus auf dem B\u00fchl, Z\u00fcrich 3 1958 Beteiligung an Ausstellung zugunsten des Roten Kreuzes in den Baracken an der Gessnerallee, Z\u00fcrich 1957 Galerie Beno, Z\u00fcrich 1958&hellip; Continue reading Ausstellungen\" \/>\n<meta property=\"og:url\" content=\"https:\/\/fredyfehr.ch\/?page_id=2\" \/>\n<meta property=\"og:site_name\" content=\"Fredy Fehr\" \/>\n<meta property=\"article:modified_time\" content=\"2021-12-29T22:14:39+00:00\" \/>\n<meta property=\"og:image\" content=\"https:\/\/fredyfehr.ch\/wp-content\/uploads\/2021\/12\/fredi-fehr-159-ts1558108509-La-lecon-de-billard-Oel-auf-Leinwand-119x154-1-1024x780.jpg\" \/>\n<meta name=\"twitter:card\" content=\"summary_large_image\" \/>\n<meta name=\"twitter:label1\" content=\"Gesch\u00e4tzte Lesezeit\" \/>\n\t<meta name=\"twitter:data1\" content=\"1\u00a0Minute\" \/>\n<script type=\"application\/ld+json\" class=\"yoast-schema-graph\">{\"@context\":\"https:\\\/\\\/schema.org\",\"@graph\":[{\"@type\":\"WebPage\",\"@id\":\"https:\\\/\\\/fredyfehr.ch\\\/?page_id=2\",\"url\":\"https:\\\/\\\/fredyfehr.ch\\\/?page_id=2\",\"name\":\"Ausstellungen - Fredy Fehr\",\"isPartOf\":{\"@id\":\"https:\\\/\\\/fredyfehr.ch\\\/#website\"},\"primaryImageOfPage\":{\"@id\":\"https:\\\/\\\/fredyfehr.ch\\\/?page_id=2#primaryimage\"},\"image\":{\"@id\":\"https:\\\/\\\/fredyfehr.ch\\\/?page_id=2#primaryimage\"},\"thumbnailUrl\":\"https:\\\/\\\/fredyfehr.ch\\\/wp-content\\\/uploads\\\/2021\\\/12\\\/fredi-fehr-159-ts1558108509-La-lecon-de-billard-Oel-auf-Leinwand-119x154-1-1024x780.jpg\",\"datePublished\":\"2021-12-28T10:21:02+00:00\",\"dateModified\":\"2021-12-29T22:14:39+00:00\",\"breadcrumb\":{\"@id\":\"https:\\\/\\\/fredyfehr.ch\\\/?page_id=2#breadcrumb\"},\"inLanguage\":\"de-CH\",\"potentialAction\":[{\"@type\":\"ReadAction\",\"target\":[\"https:\\\/\\\/fredyfehr.ch\\\/?page_id=2\"]}]},{\"@type\":\"ImageObject\",\"inLanguage\":\"de-CH\",\"@id\":\"https:\\\/\\\/fredyfehr.ch\\\/?page_id=2#primaryimage\",\"url\":\"https:\\\/\\\/i0.wp.com\\\/fredyfehr.ch\\\/wp-content\\\/uploads\\\/2021\\\/12\\\/fredi-fehr-159-ts1558108509-La-lecon-de-billard-Oel-auf-Leinwand-119x154-1-scaled.jpg?fit=2560%2C1950&ssl=1\",\"contentUrl\":\"https:\\\/\\\/i0.wp.com\\\/fredyfehr.ch\\\/wp-content\\\/uploads\\\/2021\\\/12\\\/fredi-fehr-159-ts1558108509-La-lecon-de-billard-Oel-auf-Leinwand-119x154-1-scaled.jpg?fit=2560%2C1950&ssl=1\",\"width\":2560,\"height\":1950,\"caption\":\"Fredy Fehr, La lecon de billard, \u00d6l auf Leinwand\"},{\"@type\":\"BreadcrumbList\",\"@id\":\"https:\\\/\\\/fredyfehr.ch\\\/?page_id=2#breadcrumb\",\"itemListElement\":[{\"@type\":\"ListItem\",\"position\":1,\"name\":\"Home\",\"item\":\"https:\\\/\\\/fredyfehr.ch\\\/\"},{\"@type\":\"ListItem\",\"position\":2,\"name\":\"Ausstellungen\"}]},{\"@type\":\"WebSite\",\"@id\":\"https:\\\/\\\/fredyfehr.ch\\\/#website\",\"url\":\"https:\\\/\\\/fredyfehr.ch\\\/\",\"name\":\"Fredy Fehr\",\"description\":\"Schweizer Kunstmaler\",\"publisher\":{\"@id\":\"https:\\\/\\\/fredyfehr.ch\\\/#organization\"},\"potentialAction\":[{\"@type\":\"SearchAction\",\"target\":{\"@type\":\"EntryPoint\",\"urlTemplate\":\"https:\\\/\\\/fredyfehr.ch\\\/?s={search_term_string}\"},\"query-input\":{\"@type\":\"PropertyValueSpecification\",\"valueRequired\":true,\"valueName\":\"search_term_string\"}}],\"inLanguage\":\"de-CH\"},{\"@type\":\"Organization\",\"@id\":\"https:\\\/\\\/fredyfehr.ch\\\/#organization\",\"name\":\"Fredy Fehr\",\"url\":\"https:\\\/\\\/fredyfehr.ch\\\/\",\"logo\":{\"@type\":\"ImageObject\",\"inLanguage\":\"de-CH\",\"@id\":\"https:\\\/\\\/fredyfehr.ch\\\/#\\\/schema\\\/logo\\\/image\\\/\",\"url\":\"https:\\\/\\\/i0.wp.com\\\/fredyfehr.ch\\\/wp-content\\\/uploads\\\/2021\\\/12\\\/Fredy-Fehr-Logo-2.jpg?fit=500%2C500&ssl=1\",\"contentUrl\":\"https:\\\/\\\/i0.wp.com\\\/fredyfehr.ch\\\/wp-content\\\/uploads\\\/2021\\\/12\\\/Fredy-Fehr-Logo-2.jpg?fit=500%2C500&ssl=1\",\"width\":500,\"height\":500,\"caption\":\"Fredy Fehr\"},\"image\":{\"@id\":\"https:\\\/\\\/fredyfehr.ch\\\/#\\\/schema\\\/logo\\\/image\\\/\"}}]}<\/script>\n<!-- \/ Yoast SEO plugin. -->","yoast_head_json":{"title":"Ausstellungen - Fredy Fehr","robots":{"index":"index","follow":"follow","max-snippet":"max-snippet:-1","max-image-preview":"max-image-preview:large","max-video-preview":"max-video-preview:-1"},"canonical":"https:\/\/fredyfehr.ch\/?page_id=2","og_locale":"de_DE","og_type":"article","og_title":"Ausstellungen - Fredy Fehr","og_description":"In den 50er-Jahren viermal Beteiligung an der j\u00e4hrlichen Ausstellung Z\u00fcrcher K\u00fcnstler, Helmhaus Z\u00fcrich Beteiligung an drei Ausstellungen der K\u00fcnstlervereinigung \u201eReveil\u201c, davon einmal im Kunsthaus Z\u00fcrich 1955 Wiediker K\u00fcnstler im Kirchgemeindehaus auf dem B\u00fchl, Z\u00fcrich 3 1958 Beteiligung an Ausstellung zugunsten des Roten Kreuzes in den Baracken an der Gessnerallee, Z\u00fcrich 1957 Galerie Beno, Z\u00fcrich 1958&hellip; Continue reading Ausstellungen","og_url":"https:\/\/fredyfehr.ch\/?page_id=2","og_site_name":"Fredy Fehr","article_modified_time":"2021-12-29T22:14:39+00:00","og_image":[{"url":"https:\/\/fredyfehr.ch\/wp-content\/uploads\/2021\/12\/fredi-fehr-159-ts1558108509-La-lecon-de-billard-Oel-auf-Leinwand-119x154-1-1024x780.jpg","type":"","width":"","height":""}],"twitter_card":"summary_large_image","twitter_misc":{"Gesch\u00e4tzte Lesezeit":"1\u00a0Minute"},"schema":{"@context":"https:\/\/schema.org","@graph":[{"@type":"WebPage","@id":"https:\/\/fredyfehr.ch\/?page_id=2","url":"https:\/\/fredyfehr.ch\/?page_id=2","name":"Ausstellungen - Fredy Fehr","isPartOf":{"@id":"https:\/\/fredyfehr.ch\/#website"},"primaryImageOfPage":{"@id":"https:\/\/fredyfehr.ch\/?page_id=2#primaryimage"},"image":{"@id":"https:\/\/fredyfehr.ch\/?page_id=2#primaryimage"},"thumbnailUrl":"https:\/\/fredyfehr.ch\/wp-content\/uploads\/2021\/12\/fredi-fehr-159-ts1558108509-La-lecon-de-billard-Oel-auf-Leinwand-119x154-1-1024x780.jpg","datePublished":"2021-12-28T10:21:02+00:00","dateModified":"2021-12-29T22:14:39+00:00","breadcrumb":{"@id":"https:\/\/fredyfehr.ch\/?page_id=2#breadcrumb"},"inLanguage":"de-CH","potentialAction":[{"@type":"ReadAction","target":["https:\/\/fredyfehr.ch\/?page_id=2"]}]},{"@type":"ImageObject","inLanguage":"de-CH","@id":"https:\/\/fredyfehr.ch\/?page_id=2#primaryimage","url":"https:\/\/i0.wp.com\/fredyfehr.ch\/wp-content\/uploads\/2021\/12\/fredi-fehr-159-ts1558108509-La-lecon-de-billard-Oel-auf-Leinwand-119x154-1-scaled.jpg?fit=2560%2C1950&ssl=1","contentUrl":"https:\/\/i0.wp.com\/fredyfehr.ch\/wp-content\/uploads\/2021\/12\/fredi-fehr-159-ts1558108509-La-lecon-de-billard-Oel-auf-Leinwand-119x154-1-scaled.jpg?fit=2560%2C1950&ssl=1","width":2560,"height":1950,"caption":"Fredy Fehr, La lecon de billard, \u00d6l auf Leinwand"},{"@type":"BreadcrumbList","@id":"https:\/\/fredyfehr.ch\/?page_id=2#breadcrumb","itemListElement":[{"@type":"ListItem","position":1,"name":"Home","item":"https:\/\/fredyfehr.ch\/"},{"@type":"ListItem","position":2,"name":"Ausstellungen"}]},{"@type":"WebSite","@id":"https:\/\/fredyfehr.ch\/#website","url":"https:\/\/fredyfehr.ch\/","name":"Fredy Fehr","description":"Schweizer Kunstmaler","publisher":{"@id":"https:\/\/fredyfehr.ch\/#organization"},"potentialAction":[{"@type":"SearchAction","target":{"@type":"EntryPoint","urlTemplate":"https:\/\/fredyfehr.ch\/?s={search_term_string}"},"query-input":{"@type":"PropertyValueSpecification","valueRequired":true,"valueName":"search_term_string"}}],"inLanguage":"de-CH"},{"@type":"Organization","@id":"https:\/\/fredyfehr.ch\/#organization","name":"Fredy Fehr","url":"https:\/\/fredyfehr.ch\/","logo":{"@type":"ImageObject","inLanguage":"de-CH","@id":"https:\/\/fredyfehr.ch\/#\/schema\/logo\/image\/","url":"https:\/\/i0.wp.com\/fredyfehr.ch\/wp-content\/uploads\/2021\/12\/Fredy-Fehr-Logo-2.jpg?fit=500%2C500&ssl=1","contentUrl":"https:\/\/i0.wp.com\/fredyfehr.ch\/wp-content\/uploads\/2021\/12\/Fredy-Fehr-Logo-2.jpg?fit=500%2C500&ssl=1","width":500,"height":500,"caption":"Fredy Fehr"},"image":{"@id":"https:\/\/fredyfehr.ch\/#\/schema\/logo\/image\/"}}]}},"jetpack_sharing_enabled":true,"_links":{"self":[{"href":"https:\/\/fredyfehr.ch\/index.php?rest_route=\/wp\/v2\/pages\/2","targetHints":{"allow":["GET"]}}],"collection":[{"href":"https:\/\/fredyfehr.ch\/index.php?rest_route=\/wp\/v2\/pages"}],"about":[{"href":"https:\/\/fredyfehr.ch\/index.php?rest_route=\/wp\/v2\/types\/page"}],"author":[{"embeddable":true,"href":"https:\/\/fredyfehr.ch\/index.php?rest_route=\/wp\/v2\/users\/1"}],"replies":[{"embeddable":true,"href":"https:\/\/fredyfehr.ch\/index.php?rest_route=%2Fwp%2Fv2%2Fcomments&post=2"}],"version-history":[{"count":27,"href":"https:\/\/fredyfehr.ch\/index.php?rest_route=\/wp\/v2\/pages\/2\/revisions"}],"predecessor-version":[{"id":267,"href":"https:\/\/fredyfehr.ch\/index.php?rest_route=\/wp\/v2\/pages\/2\/revisions\/267"}],"wp:attachment":[{"href":"https:\/\/fredyfehr.ch\/index.php?rest_route=%2Fwp%2Fv2%2Fmedia&parent=2"}],"curies":[{"name":"wp","href":"https:\/\/api.w.org\/{rel}","templated":true}]}}