{"id":55,"date":"2021-12-29T14:49:03","date_gmt":"2021-12-29T14:49:03","guid":{"rendered":"https:\/\/fredyfehr.ch\/?page_id=55"},"modified":"2021-12-29T22:28:15","modified_gmt":"2021-12-29T22:28:15","slug":"kuenstler","status":"publish","type":"page","link":"https:\/\/fredyfehr.ch\/?page_id=55","title":{"rendered":"Vita"},"content":{"rendered":"<p><strong>Fredy (Friedrich)&nbsp; Fehr<\/strong> wurde am 7. April 1917 in Z\u00fcrich-Wiedikon geboren.<\/p>\n<figure id=\"attachment_100\" aria-describedby=\"caption-attachment-100\" style=\"width: 244px\" class=\"wp-caption alignright\"><img data-recalc-dims=\"1\" loading=\"lazy\" decoding=\"async\" class=\"wp-image-100 size-medium\" src=\"https:\/\/i0.wp.com\/fredyfehr.ch\/wp-content\/uploads\/2021\/12\/fredi-fehr-109-ts1558258637-Fredy-Selbstportrait-Oel-auf-Leinwand-60x50-1.jpg?resize=244%2C300&#038;ssl=1\" alt=\"\" width=\"244\" height=\"300\" srcset=\"https:\/\/i0.wp.com\/fredyfehr.ch\/wp-content\/uploads\/2021\/12\/fredi-fehr-109-ts1558258637-Fredy-Selbstportrait-Oel-auf-Leinwand-60x50-1-scaled.jpg?resize=244%2C300&amp;ssl=1 244w, https:\/\/i0.wp.com\/fredyfehr.ch\/wp-content\/uploads\/2021\/12\/fredi-fehr-109-ts1558258637-Fredy-Selbstportrait-Oel-auf-Leinwand-60x50-1-scaled.jpg?resize=833%2C1024&amp;ssl=1 833w, https:\/\/i0.wp.com\/fredyfehr.ch\/wp-content\/uploads\/2021\/12\/fredi-fehr-109-ts1558258637-Fredy-Selbstportrait-Oel-auf-Leinwand-60x50-1-scaled.jpg?resize=768%2C944&amp;ssl=1 768w, https:\/\/i0.wp.com\/fredyfehr.ch\/wp-content\/uploads\/2021\/12\/fredi-fehr-109-ts1558258637-Fredy-Selbstportrait-Oel-auf-Leinwand-60x50-1-scaled.jpg?resize=1249%2C1536&amp;ssl=1 1249w, https:\/\/i0.wp.com\/fredyfehr.ch\/wp-content\/uploads\/2021\/12\/fredi-fehr-109-ts1558258637-Fredy-Selbstportrait-Oel-auf-Leinwand-60x50-1-scaled.jpg?resize=1665%2C2048&amp;ssl=1 1665w, https:\/\/i0.wp.com\/fredyfehr.ch\/wp-content\/uploads\/2021\/12\/fredi-fehr-109-ts1558258637-Fredy-Selbstportrait-Oel-auf-Leinwand-60x50-1-scaled.jpg?resize=1568%2C1928&amp;ssl=1 1568w, https:\/\/i0.wp.com\/fredyfehr.ch\/wp-content\/uploads\/2021\/12\/fredi-fehr-109-ts1558258637-Fredy-Selbstportrait-Oel-auf-Leinwand-60x50-1-scaled.jpg?w=1500&amp;ssl=1 1500w\" sizes=\"auto, (max-width: 244px) 100vw, 244px\" \/><figcaption id=\"caption-attachment-100\" class=\"wp-caption-text\">Fredy Fehr, Selbstportrait<\/figcaption><\/figure>\n<p>Nach Abschluss der obligatorischen Schule absolviert er eine Lehre als Schriftsetzer in der Druckerei seines Vaters an der Zentralstrasse in Z\u00fcrich. Ungl\u00fccklich mit diesem Beruf, sucht er nach dem Abschluss nach einer interessanteren T\u00e4tigkeit und kommt nach einigen Umwegen im Jahre 1944 zur Malerei.<\/p>\n<p>Nach der Heirat mit der Holl\u00e4nderin Hilke Fehr 1948 weilt er oft in Amersfoort, eine halbe Stunde von Amsterdam entfernt. Die Niederlande bieten ihm mit der weiten, flachen Landschaft, dem speziellen Licht, den roten H\u00e4usern und Strassen viele Motive.<\/p>\n<p><strong>50er-Jahre: Holland und Frankreich<\/strong><\/p>\n<p>1952 kehrt Fehr nach l\u00e4ngerem Aufenthalt in Holland in die Schweiz zur\u00fcck. In seiner k\u00fcnstlerischen T\u00e4tigkeit kommt er zur\u00fcck zur weniger formal interpretierten Landschaftsmalerei, inspiriert in s\u00fcdlichen L\u00e4ndern und im Tessin. Fehr reizte immer das Fremde, das Reisen inspirierte.<\/p>\n<p>Ab 1955 reist er regelm\u00e4ssig f\u00fcr l\u00e4ngere Aufenthalte nach Sanary sur M\u00e8r, wo sich in den 50er-Jahren viele K\u00fcnstler und Pers\u00f6nlichkeiten aufhielten.<\/p>\n<p><strong>60er-Jahre: Spanien und Italien<\/strong><\/p>\n<p>1961 reist Fehr auf Einladung von Werner Bolliger, einem befreundeten Komponisten, nach Andalusien, wo er in dessen Haus am \u00abCerro Gordo\u00bb rund vier Monate verbringt. Von der dortigen Landschaft nicht loskommend, kehrt er zweimal nach Spanien zur\u00fcck.<\/p>\n<figure id=\"attachment_107\" aria-describedby=\"caption-attachment-107\" style=\"width: 750px\" class=\"wp-caption aligncenter\"><img data-recalc-dims=\"1\" loading=\"lazy\" decoding=\"async\" class=\"wp-image-107 size-large\" src=\"https:\/\/i0.wp.com\/fredyfehr.ch\/wp-content\/uploads\/2021\/12\/fredi-fehr-026-ts1558982436-Cerro-Gordo-Almunecar-Oel-auf-Leinwand-95x120-1.jpg?resize=750%2C592&#038;ssl=1\" alt=\"\" width=\"750\" height=\"592\" srcset=\"https:\/\/i0.wp.com\/fredyfehr.ch\/wp-content\/uploads\/2021\/12\/fredi-fehr-026-ts1558982436-Cerro-Gordo-Almunecar-Oel-auf-Leinwand-95x120-1-scaled.jpg?resize=1024%2C808&amp;ssl=1 1024w, https:\/\/i0.wp.com\/fredyfehr.ch\/wp-content\/uploads\/2021\/12\/fredi-fehr-026-ts1558982436-Cerro-Gordo-Almunecar-Oel-auf-Leinwand-95x120-1-scaled.jpg?resize=300%2C237&amp;ssl=1 300w, https:\/\/i0.wp.com\/fredyfehr.ch\/wp-content\/uploads\/2021\/12\/fredi-fehr-026-ts1558982436-Cerro-Gordo-Almunecar-Oel-auf-Leinwand-95x120-1-scaled.jpg?resize=768%2C606&amp;ssl=1 768w, https:\/\/i0.wp.com\/fredyfehr.ch\/wp-content\/uploads\/2021\/12\/fredi-fehr-026-ts1558982436-Cerro-Gordo-Almunecar-Oel-auf-Leinwand-95x120-1-scaled.jpg?resize=1536%2C1212&amp;ssl=1 1536w, https:\/\/i0.wp.com\/fredyfehr.ch\/wp-content\/uploads\/2021\/12\/fredi-fehr-026-ts1558982436-Cerro-Gordo-Almunecar-Oel-auf-Leinwand-95x120-1-scaled.jpg?resize=2048%2C1616&amp;ssl=1 2048w, https:\/\/i0.wp.com\/fredyfehr.ch\/wp-content\/uploads\/2021\/12\/fredi-fehr-026-ts1558982436-Cerro-Gordo-Almunecar-Oel-auf-Leinwand-95x120-1-scaled.jpg?resize=1568%2C1238&amp;ssl=1 1568w, https:\/\/i0.wp.com\/fredyfehr.ch\/wp-content\/uploads\/2021\/12\/fredi-fehr-026-ts1558982436-Cerro-Gordo-Almunecar-Oel-auf-Leinwand-95x120-1-scaled.jpg?w=2250&amp;ssl=1 2250w\" sizes=\"auto, (max-width: 750px) 100vw, 750px\" \/><figcaption id=\"caption-attachment-107\" class=\"wp-caption-text\">Fredy Fehr, Cerro Gordo Almunecar, \u00d6l auf Leinwand<\/figcaption><\/figure>\n<p>Zwischen 1967-1969 h\u00e4lt sich Fehr mehrmals in Sizilien, in einem Dorf n\u00e4he Siracusa, auf. Von da unternimmt er einige Reisen nach Agrigento zu den griechischen Tempeln, die er malt.<\/p>\n<p><strong>70er-Jahre: Schweiz<\/strong><\/p>\n<p>1971 reist er auf Einladung eines Freundes nach Coldrerio ins Tessin. Dabei entdeckte er die Sch\u00f6nheit des Mendrisiotto. Ab 1972 kann Fehr ein altes Bauernhaus (Bongio) beziehen. Dieses liegt auf einem H\u00fcgel von Coldrerio. Das Panorama \u00fcber die tessiner Landschaft bis nach Chiasso bietet idealerweise Motive f\u00fcr den Landschaftsmaler.<\/p>\n<figure id=\"attachment_115\" aria-describedby=\"caption-attachment-115\" style=\"width: 750px\" class=\"wp-caption aligncenter\"><img data-recalc-dims=\"1\" loading=\"lazy\" decoding=\"async\" class=\"size-large wp-image-115\" src=\"https:\/\/i0.wp.com\/fredyfehr.ch\/wp-content\/uploads\/2021\/12\/fredi-fehr-034-ts1558983642-Coldrerio-Tessin-Oel-auf-Leinwand-85x142-1.jpg?resize=750%2C448&#038;ssl=1\" alt=\"\" width=\"750\" height=\"448\" srcset=\"https:\/\/i0.wp.com\/fredyfehr.ch\/wp-content\/uploads\/2021\/12\/fredi-fehr-034-ts1558983642-Coldrerio-Tessin-Oel-auf-Leinwand-85x142-1-scaled.jpg?resize=1024%2C611&amp;ssl=1 1024w, https:\/\/i0.wp.com\/fredyfehr.ch\/wp-content\/uploads\/2021\/12\/fredi-fehr-034-ts1558983642-Coldrerio-Tessin-Oel-auf-Leinwand-85x142-1-scaled.jpg?resize=300%2C179&amp;ssl=1 300w, https:\/\/i0.wp.com\/fredyfehr.ch\/wp-content\/uploads\/2021\/12\/fredi-fehr-034-ts1558983642-Coldrerio-Tessin-Oel-auf-Leinwand-85x142-1-scaled.jpg?resize=768%2C458&amp;ssl=1 768w, https:\/\/i0.wp.com\/fredyfehr.ch\/wp-content\/uploads\/2021\/12\/fredi-fehr-034-ts1558983642-Coldrerio-Tessin-Oel-auf-Leinwand-85x142-1-scaled.jpg?resize=1536%2C916&amp;ssl=1 1536w, https:\/\/i0.wp.com\/fredyfehr.ch\/wp-content\/uploads\/2021\/12\/fredi-fehr-034-ts1558983642-Coldrerio-Tessin-Oel-auf-Leinwand-85x142-1-scaled.jpg?resize=2048%2C1221&amp;ssl=1 2048w, https:\/\/i0.wp.com\/fredyfehr.ch\/wp-content\/uploads\/2021\/12\/fredi-fehr-034-ts1558983642-Coldrerio-Tessin-Oel-auf-Leinwand-85x142-1-scaled.jpg?resize=1568%2C935&amp;ssl=1 1568w, https:\/\/i0.wp.com\/fredyfehr.ch\/wp-content\/uploads\/2021\/12\/fredi-fehr-034-ts1558983642-Coldrerio-Tessin-Oel-auf-Leinwand-85x142-1-scaled.jpg?w=2250&amp;ssl=1 2250w\" sizes=\"auto, (max-width: 750px) 100vw, 750px\" \/><figcaption id=\"caption-attachment-115\" class=\"wp-caption-text\">Fredy Fehr, Coldrerio (Tessin), \u00d6l auf Leinwand<\/figcaption><\/figure>\n<p>Bis zu seinem Tod verbringt Fredy Fehr in der Folge den Sommer zusammen mit seiner Frau im Bongio, die Wintermonate in Z\u00fcrich.<\/p>\n<p style=\"text-align: center;\">***<\/p>\n<p style=\"text-align: center;\"><strong>Weitere Informationen:&nbsp;<\/strong>Fredy Fehr auf <a href=\"https:\/\/de.wikipedia.org\/wiki\/Fredy_Fehr\">Wikipedia<\/a><\/p>\n<p style=\"text-align: center;\">***<\/p>\n","protected":false},"excerpt":{"rendered":"<p>Fredy (Friedrich)&nbsp; Fehr wurde am 7. April 1917 in Z\u00fcrich-Wiedikon geboren. Nach Abschluss der obligatorischen Schule absolviert er eine Lehre als Schriftsetzer in der Druckerei seines Vaters an der Zentralstrasse in Z\u00fcrich. Ungl\u00fccklich mit diesem Beruf, sucht er nach dem Abschluss nach einer interessanteren T\u00e4tigkeit und kommt nach einigen Umwegen im Jahre 1944 zur Malerei.&hellip; <a class=\"more-link\" href=\"https:\/\/fredyfehr.ch\/?page_id=55\">Continue reading <span class=\"screen-reader-text\">Vita<\/span><\/a><\/p>\n","protected":false},"author":1,"featured_media":0,"parent":0,"menu_order":0,"comment_status":"closed","ping_status":"closed","template":"","meta":{"ngg_post_thumbnail":0,"footnotes":""},"class_list":["post-55","page","type-page","status-publish","hentry","entry"],"yoast_head":"<!-- This site is optimized with the Yoast SEO plugin v27.4 - https:\/\/yoast.com\/product\/yoast-seo-wordpress\/ -->\n<title>Vita - Fredy Fehr<\/title>\n<meta name=\"robots\" content=\"index, follow, max-snippet:-1, max-image-preview:large, max-video-preview:-1\" \/>\n<link rel=\"canonical\" href=\"https:\/\/fredyfehr.ch\/?page_id=55\" \/>\n<meta property=\"og:locale\" content=\"de_DE\" \/>\n<meta property=\"og:type\" content=\"article\" \/>\n<meta property=\"og:title\" content=\"Vita - Fredy Fehr\" \/>\n<meta property=\"og:description\" content=\"Fredy (Friedrich)&nbsp; Fehr wurde am 7. April 1917 in Z\u00fcrich-Wiedikon geboren. Nach Abschluss der obligatorischen Schule absolviert er eine Lehre als Schriftsetzer in der Druckerei seines Vaters an der Zentralstrasse in Z\u00fcrich. Ungl\u00fccklich mit diesem Beruf, sucht er nach dem Abschluss nach einer interessanteren T\u00e4tigkeit und kommt nach einigen Umwegen im Jahre 1944 zur Malerei.&hellip; Continue reading Vita\" \/>\n<meta property=\"og:url\" content=\"https:\/\/fredyfehr.ch\/?page_id=55\" \/>\n<meta property=\"og:site_name\" content=\"Fredy Fehr\" \/>\n<meta property=\"article:modified_time\" content=\"2021-12-29T22:28:15+00:00\" \/>\n<meta property=\"og:image\" content=\"https:\/\/fredyfehr.ch\/wp-content\/uploads\/2021\/12\/fredi-fehr-109-ts1558258637-Fredy-Selbstportrait-Oel-auf-Leinwand-60x50-1-244x300.jpg\" \/>\n<meta name=\"twitter:card\" content=\"summary_large_image\" \/>\n<meta name=\"twitter:label1\" content=\"Gesch\u00e4tzte Lesezeit\" \/>\n\t<meta name=\"twitter:data1\" content=\"3\u00a0Minuten\" \/>\n<script type=\"application\/ld+json\" class=\"yoast-schema-graph\">{\"@context\":\"https:\\\/\\\/schema.org\",\"@graph\":[{\"@type\":\"WebPage\",\"@id\":\"https:\\\/\\\/fredyfehr.ch\\\/?page_id=55\",\"url\":\"https:\\\/\\\/fredyfehr.ch\\\/?page_id=55\",\"name\":\"Vita - Fredy Fehr\",\"isPartOf\":{\"@id\":\"https:\\\/\\\/fredyfehr.ch\\\/#website\"},\"primaryImageOfPage\":{\"@id\":\"https:\\\/\\\/fredyfehr.ch\\\/?page_id=55#primaryimage\"},\"image\":{\"@id\":\"https:\\\/\\\/fredyfehr.ch\\\/?page_id=55#primaryimage\"},\"thumbnailUrl\":\"https:\\\/\\\/fredyfehr.ch\\\/wp-content\\\/uploads\\\/2021\\\/12\\\/fredi-fehr-109-ts1558258637-Fredy-Selbstportrait-Oel-auf-Leinwand-60x50-1-244x300.jpg\",\"datePublished\":\"2021-12-29T14:49:03+00:00\",\"dateModified\":\"2021-12-29T22:28:15+00:00\",\"breadcrumb\":{\"@id\":\"https:\\\/\\\/fredyfehr.ch\\\/?page_id=55#breadcrumb\"},\"inLanguage\":\"de-CH\",\"potentialAction\":[{\"@type\":\"ReadAction\",\"target\":[\"https:\\\/\\\/fredyfehr.ch\\\/?page_id=55\"]}]},{\"@type\":\"ImageObject\",\"inLanguage\":\"de-CH\",\"@id\":\"https:\\\/\\\/fredyfehr.ch\\\/?page_id=55#primaryimage\",\"url\":\"https:\\\/\\\/i0.wp.com\\\/fredyfehr.ch\\\/wp-content\\\/uploads\\\/2021\\\/12\\\/fredi-fehr-109-ts1558258637-Fredy-Selbstportrait-Oel-auf-Leinwand-60x50-1-scaled.jpg?fit=2082%2C2560&ssl=1\",\"contentUrl\":\"https:\\\/\\\/i0.wp.com\\\/fredyfehr.ch\\\/wp-content\\\/uploads\\\/2021\\\/12\\\/fredi-fehr-109-ts1558258637-Fredy-Selbstportrait-Oel-auf-Leinwand-60x50-1-scaled.jpg?fit=2082%2C2560&ssl=1\",\"width\":2082,\"height\":2560,\"caption\":\"Fredy Fehr, Selbstportrait\"},{\"@type\":\"BreadcrumbList\",\"@id\":\"https:\\\/\\\/fredyfehr.ch\\\/?page_id=55#breadcrumb\",\"itemListElement\":[{\"@type\":\"ListItem\",\"position\":1,\"name\":\"Home\",\"item\":\"https:\\\/\\\/fredyfehr.ch\\\/\"},{\"@type\":\"ListItem\",\"position\":2,\"name\":\"Vita\"}]},{\"@type\":\"WebSite\",\"@id\":\"https:\\\/\\\/fredyfehr.ch\\\/#website\",\"url\":\"https:\\\/\\\/fredyfehr.ch\\\/\",\"name\":\"Fredy Fehr\",\"description\":\"Schweizer Kunstmaler\",\"publisher\":{\"@id\":\"https:\\\/\\\/fredyfehr.ch\\\/#organization\"},\"potentialAction\":[{\"@type\":\"SearchAction\",\"target\":{\"@type\":\"EntryPoint\",\"urlTemplate\":\"https:\\\/\\\/fredyfehr.ch\\\/?s={search_term_string}\"},\"query-input\":{\"@type\":\"PropertyValueSpecification\",\"valueRequired\":true,\"valueName\":\"search_term_string\"}}],\"inLanguage\":\"de-CH\"},{\"@type\":\"Organization\",\"@id\":\"https:\\\/\\\/fredyfehr.ch\\\/#organization\",\"name\":\"Fredy Fehr\",\"url\":\"https:\\\/\\\/fredyfehr.ch\\\/\",\"logo\":{\"@type\":\"ImageObject\",\"inLanguage\":\"de-CH\",\"@id\":\"https:\\\/\\\/fredyfehr.ch\\\/#\\\/schema\\\/logo\\\/image\\\/\",\"url\":\"https:\\\/\\\/i0.wp.com\\\/fredyfehr.ch\\\/wp-content\\\/uploads\\\/2021\\\/12\\\/Fredy-Fehr-Logo-2.jpg?fit=500%2C500&ssl=1\",\"contentUrl\":\"https:\\\/\\\/i0.wp.com\\\/fredyfehr.ch\\\/wp-content\\\/uploads\\\/2021\\\/12\\\/Fredy-Fehr-Logo-2.jpg?fit=500%2C500&ssl=1\",\"width\":500,\"height\":500,\"caption\":\"Fredy Fehr\"},\"image\":{\"@id\":\"https:\\\/\\\/fredyfehr.ch\\\/#\\\/schema\\\/logo\\\/image\\\/\"}}]}<\/script>\n<!-- \/ Yoast SEO plugin. -->","yoast_head_json":{"title":"Vita - Fredy Fehr","robots":{"index":"index","follow":"follow","max-snippet":"max-snippet:-1","max-image-preview":"max-image-preview:large","max-video-preview":"max-video-preview:-1"},"canonical":"https:\/\/fredyfehr.ch\/?page_id=55","og_locale":"de_DE","og_type":"article","og_title":"Vita - Fredy Fehr","og_description":"Fredy (Friedrich)&nbsp; Fehr wurde am 7. April 1917 in Z\u00fcrich-Wiedikon geboren. Nach Abschluss der obligatorischen Schule absolviert er eine Lehre als Schriftsetzer in der Druckerei seines Vaters an der Zentralstrasse in Z\u00fcrich. Ungl\u00fccklich mit diesem Beruf, sucht er nach dem Abschluss nach einer interessanteren T\u00e4tigkeit und kommt nach einigen Umwegen im Jahre 1944 zur Malerei.&hellip; Continue reading Vita","og_url":"https:\/\/fredyfehr.ch\/?page_id=55","og_site_name":"Fredy Fehr","article_modified_time":"2021-12-29T22:28:15+00:00","og_image":[{"url":"https:\/\/fredyfehr.ch\/wp-content\/uploads\/2021\/12\/fredi-fehr-109-ts1558258637-Fredy-Selbstportrait-Oel-auf-Leinwand-60x50-1-244x300.jpg","type":"","width":"","height":""}],"twitter_card":"summary_large_image","twitter_misc":{"Gesch\u00e4tzte Lesezeit":"3\u00a0Minuten"},"schema":{"@context":"https:\/\/schema.org","@graph":[{"@type":"WebPage","@id":"https:\/\/fredyfehr.ch\/?page_id=55","url":"https:\/\/fredyfehr.ch\/?page_id=55","name":"Vita - Fredy Fehr","isPartOf":{"@id":"https:\/\/fredyfehr.ch\/#website"},"primaryImageOfPage":{"@id":"https:\/\/fredyfehr.ch\/?page_id=55#primaryimage"},"image":{"@id":"https:\/\/fredyfehr.ch\/?page_id=55#primaryimage"},"thumbnailUrl":"https:\/\/fredyfehr.ch\/wp-content\/uploads\/2021\/12\/fredi-fehr-109-ts1558258637-Fredy-Selbstportrait-Oel-auf-Leinwand-60x50-1-244x300.jpg","datePublished":"2021-12-29T14:49:03+00:00","dateModified":"2021-12-29T22:28:15+00:00","breadcrumb":{"@id":"https:\/\/fredyfehr.ch\/?page_id=55#breadcrumb"},"inLanguage":"de-CH","potentialAction":[{"@type":"ReadAction","target":["https:\/\/fredyfehr.ch\/?page_id=55"]}]},{"@type":"ImageObject","inLanguage":"de-CH","@id":"https:\/\/fredyfehr.ch\/?page_id=55#primaryimage","url":"https:\/\/i0.wp.com\/fredyfehr.ch\/wp-content\/uploads\/2021\/12\/fredi-fehr-109-ts1558258637-Fredy-Selbstportrait-Oel-auf-Leinwand-60x50-1-scaled.jpg?fit=2082%2C2560&ssl=1","contentUrl":"https:\/\/i0.wp.com\/fredyfehr.ch\/wp-content\/uploads\/2021\/12\/fredi-fehr-109-ts1558258637-Fredy-Selbstportrait-Oel-auf-Leinwand-60x50-1-scaled.jpg?fit=2082%2C2560&ssl=1","width":2082,"height":2560,"caption":"Fredy Fehr, Selbstportrait"},{"@type":"BreadcrumbList","@id":"https:\/\/fredyfehr.ch\/?page_id=55#breadcrumb","itemListElement":[{"@type":"ListItem","position":1,"name":"Home","item":"https:\/\/fredyfehr.ch\/"},{"@type":"ListItem","position":2,"name":"Vita"}]},{"@type":"WebSite","@id":"https:\/\/fredyfehr.ch\/#website","url":"https:\/\/fredyfehr.ch\/","name":"Fredy Fehr","description":"Schweizer Kunstmaler","publisher":{"@id":"https:\/\/fredyfehr.ch\/#organization"},"potentialAction":[{"@type":"SearchAction","target":{"@type":"EntryPoint","urlTemplate":"https:\/\/fredyfehr.ch\/?s={search_term_string}"},"query-input":{"@type":"PropertyValueSpecification","valueRequired":true,"valueName":"search_term_string"}}],"inLanguage":"de-CH"},{"@type":"Organization","@id":"https:\/\/fredyfehr.ch\/#organization","name":"Fredy Fehr","url":"https:\/\/fredyfehr.ch\/","logo":{"@type":"ImageObject","inLanguage":"de-CH","@id":"https:\/\/fredyfehr.ch\/#\/schema\/logo\/image\/","url":"https:\/\/i0.wp.com\/fredyfehr.ch\/wp-content\/uploads\/2021\/12\/Fredy-Fehr-Logo-2.jpg?fit=500%2C500&ssl=1","contentUrl":"https:\/\/i0.wp.com\/fredyfehr.ch\/wp-content\/uploads\/2021\/12\/Fredy-Fehr-Logo-2.jpg?fit=500%2C500&ssl=1","width":500,"height":500,"caption":"Fredy Fehr"},"image":{"@id":"https:\/\/fredyfehr.ch\/#\/schema\/logo\/image\/"}}]}},"jetpack_sharing_enabled":true,"_links":{"self":[{"href":"https:\/\/fredyfehr.ch\/index.php?rest_route=\/wp\/v2\/pages\/55","targetHints":{"allow":["GET"]}}],"collection":[{"href":"https:\/\/fredyfehr.ch\/index.php?rest_route=\/wp\/v2\/pages"}],"about":[{"href":"https:\/\/fredyfehr.ch\/index.php?rest_route=\/wp\/v2\/types\/page"}],"author":[{"embeddable":true,"href":"https:\/\/fredyfehr.ch\/index.php?rest_route=\/wp\/v2\/users\/1"}],"replies":[{"embeddable":true,"href":"https:\/\/fredyfehr.ch\/index.php?rest_route=%2Fwp%2Fv2%2Fcomments&post=55"}],"version-history":[{"count":23,"href":"https:\/\/fredyfehr.ch\/index.php?rest_route=\/wp\/v2\/pages\/55\/revisions"}],"predecessor-version":[{"id":268,"href":"https:\/\/fredyfehr.ch\/index.php?rest_route=\/wp\/v2\/pages\/55\/revisions\/268"}],"wp:attachment":[{"href":"https:\/\/fredyfehr.ch\/index.php?rest_route=%2Fwp%2Fv2%2Fmedia&parent=55"}],"curies":[{"name":"wp","href":"https:\/\/api.w.org\/{rel}","templated":true}]}}