{"id":6,"date":"2021-12-28T11:20:05","date_gmt":"2021-12-28T11:20:05","guid":{"rendered":"https:\/\/fredyfehr.ch\/?page_id=6"},"modified":"2022-01-05T11:10:51","modified_gmt":"2022-01-05T11:10:51","slug":"create-your-website-with-blocks","status":"publish","type":"page","link":"https:\/\/fredyfehr.ch\/","title":{"rendered":"Homepage"},"content":{"rendered":"\r\n<div class=\"wp-block-columns alignwide are-vertically-aligned-center is-style-twentytwentyone-columns-overlap is-layout-flex wp-container-core-columns-is-layout-9d6595d7 wp-block-columns-is-layout-flex\">\r\n<div class=\"wp-block-column is-vertically-aligned-center is-layout-flow wp-block-column-is-layout-flow\">\r\n<figure class=\"wp-block-image alignfull size-large is-style-twentytwentyone-image-frame\"><img data-recalc-dims=\"1\" decoding=\"async\" src=\"https:\/\/i0.wp.com\/fredyfehr.ch\/wp-content\/uploads\/2021\/12\/fredi-fehr-173-ts1558984636-Blick-auf-Morbio-von-Castel-San-Pietro-Oel-auf-Leinwand-121x195-1-scaled.jpg?w=750&#038;ssl=1\" alt=\"\"Blick auf Morbio von Castel San Pietro\", Oel auf Leinwand, 121x195, von Fredy Fehr\"><\/figure>\r\n\r\n\r\n\r\n<div class=\"wp-block-spacer\" style=\"height: 100px;\" aria-hidden=\"true\">&nbsp;<\/div>\r\n\r\n\r\n\r\n<figure class=\"wp-block-image alignfull size-large is-style-twentytwentyone-image-frame\"><img data-recalc-dims=\"1\" decoding=\"async\" src=\"https:\/\/i0.wp.com\/fredyfehr.ch\/wp-content\/uploads\/2021\/12\/fredi-fehr-101-ts1558106801-Hafen-in-Amsterdam-Oel-auf-Leinwand-70x107-1-scaled.jpg?w=750&#038;ssl=1\" alt=\"\u201cHafen in Amsterdam\u201d, Oel auf Leinwand, 70x107, von Fredy Fehr\"><\/figure>\r\n<\/div>\r\n\r\n\r\n\r\n<div class=\"wp-block-column is-vertically-aligned-center is-layout-flow wp-block-column-is-layout-flow\">\r\n<div class=\"wp-block-spacer\" style=\"height: 100px;\" aria-hidden=\"true\">&nbsp;<\/div>\r\n\r\n\r\n\r\n<figure class=\"wp-block-image size-large alignfull size-full is-style-twentytwentyone-border\"><img data-recalc-dims=\"1\" decoding=\"async\" src=\"https:\/\/i0.wp.com\/fredyfehr.ch\/wp-content\/uploads\/2021\/12\/fredi-fehr-073-ts1558256529-Hollaendisches-Maedchen-Oel-gespachtelt-82x59-1-scaled.jpg?w=750&#038;ssl=1\" alt=\"\u201cHollaendisches Maedchen\u201d, Oel gespachtelt, 82x59, von Fredy Fehr\"><\/figure>\r\n<\/div>\r\n<\/div>\r\n\r\n\r\n\r\n<div class=\"wp-block-spacer\" style=\"height: 50px;\" aria-hidden=\"true\">&nbsp;<\/div>\r\n\r\n\r\n\r\n<div class=\"wp-block-columns alignwide are-vertically-aligned-top is-layout-flex wp-container-core-columns-is-layout-9d6595d7 wp-block-columns-is-layout-flex\">\r\n<div class=\"wp-block-column is-vertically-aligned-top is-layout-flow wp-block-column-is-layout-flow\">\r\n<h3 class=\"wp-block-heading\">Fredy Fehr<\/h3>\r\n\r\n\r\n\r\n<p>Friedrich Gottfried \u201eFredy\u201c Fehr (*&nbsp;7.&nbsp;April 1917 in Z\u00fcrich; \u2020 13. Mai 1979 ebenda) war ein Schweizer Kunstmaler.<\/p>\r\n<\/div>\r\n\r\n\r\n\r\n<div class=\"wp-block-column is-vertically-aligned-top is-layout-flow wp-block-column-is-layout-flow\">\r\n<h3 class=\"wp-block-heading\">\u00dcber uns<\/h3>\r\n\r\n\r\n\r\n<p>Mit dieser Seite m\u00f6chten wir das k\u00fcnstlerische Werk von Fredy Fehr einer breiten \u00d6ffentlichkeit zug\u00e4nglich machen.<\/p>\r\n<\/div>\r\n\r\n\r\n\r\n<div class=\"wp-block-column is-vertically-aligned-top is-layout-flow wp-block-column-is-layout-flow\">\r\n<h3 class=\"wp-block-heading\">Kontakt<\/h3>\r\n\r\n\r\n\r\n<p>Wenn Sie mehr \u00fcber Fredy Fehr und sein Werk erfahren m\u00f6chten, k\u00f6nnen Sie uns gerne per E-Mail&nbsp;<a href=\"https:\/\/fredyfehr.ch\/?page_id=8\">kontaktieren<\/a>.<\/p>\r\n<\/div>\r\n<\/div>\r\n","protected":false},"excerpt":{"rendered":"<p>Fredy Fehr Friedrich Gottfried \u201eFredy\u201c Fehr (*&nbsp;7.&nbsp;April 1917 in Z\u00fcrich; \u2020 13. Mai 1979 ebenda) war ein Schweizer Kunstmaler. \u00dcber uns Mit dieser Seite m\u00f6chten wir das k\u00fcnstlerische Werk von Fredy Fehr einer breiten \u00d6ffentlichkeit zug\u00e4nglich machen. Kontakt Wenn Sie mehr \u00fcber Fredy Fehr und sein Werk erfahren m\u00f6chten, k\u00f6nnen Sie uns gerne per E-Mail&nbsp;kontaktieren.<\/p>\n","protected":false},"author":1,"featured_media":0,"parent":0,"menu_order":0,"comment_status":"closed","ping_status":"closed","template":"","meta":{"ngg_post_thumbnail":0,"footnotes":""},"class_list":["post-6","page","type-page","status-publish","hentry","entry"],"yoast_head":"<!-- This site is optimized with the Yoast SEO plugin v27.4 - https:\/\/yoast.com\/product\/yoast-seo-wordpress\/ -->\n<title>Homepage - Fredy Fehr<\/title>\n<meta name=\"robots\" content=\"index, follow, max-snippet:-1, max-image-preview:large, max-video-preview:-1\" \/>\n<link rel=\"canonical\" href=\"https:\/\/fredyfehr.ch\/\" \/>\n<meta property=\"og:locale\" content=\"de_DE\" \/>\n<meta property=\"og:type\" content=\"article\" \/>\n<meta property=\"og:title\" content=\"Homepage - Fredy Fehr\" \/>\n<meta property=\"og:description\" content=\"Fredy Fehr Friedrich Gottfried \u201eFredy\u201c Fehr (*&nbsp;7.&nbsp;April 1917 in Z\u00fcrich; \u2020 13. Mai 1979 ebenda) war ein Schweizer Kunstmaler. \u00dcber uns Mit dieser Seite m\u00f6chten wir das k\u00fcnstlerische Werk von Fredy Fehr einer breiten \u00d6ffentlichkeit zug\u00e4nglich machen. Kontakt Wenn Sie mehr \u00fcber Fredy Fehr und sein Werk erfahren m\u00f6chten, k\u00f6nnen Sie uns gerne per E-Mail&nbsp;kontaktieren.\" \/>\n<meta property=\"og:url\" content=\"https:\/\/fredyfehr.ch\/\" \/>\n<meta property=\"og:site_name\" content=\"Fredy Fehr\" \/>\n<meta property=\"article:modified_time\" content=\"2022-01-05T11:10:51+00:00\" \/>\n<meta property=\"og:image\" content=\"https:\/\/fredyfehr.ch\/wp-content\/uploads\/2021\/12\/fredi-fehr-173-ts1558984636-Blick-auf-Morbio-von-Castel-San-Pietro-Oel-auf-Leinwand-121x195-1-scaled.jpg\" \/>\n<meta name=\"twitter:card\" content=\"summary_large_image\" \/>\n<meta name=\"twitter:label1\" content=\"Gesch\u00e4tzte Lesezeit\" \/>\n\t<meta name=\"twitter:data1\" content=\"1\u00a0Minute\" \/>\n<script type=\"application\/ld+json\" class=\"yoast-schema-graph\">{\"@context\":\"https:\\\/\\\/schema.org\",\"@graph\":[{\"@type\":\"WebPage\",\"@id\":\"https:\\\/\\\/fredyfehr.ch\\\/\",\"url\":\"https:\\\/\\\/fredyfehr.ch\\\/\",\"name\":\"Homepage - Fredy Fehr\",\"isPartOf\":{\"@id\":\"https:\\\/\\\/fredyfehr.ch\\\/#website\"},\"primaryImageOfPage\":{\"@id\":\"https:\\\/\\\/fredyfehr.ch\\\/#primaryimage\"},\"image\":{\"@id\":\"https:\\\/\\\/fredyfehr.ch\\\/#primaryimage\"},\"thumbnailUrl\":\"https:\\\/\\\/fredyfehr.ch\\\/wp-content\\\/uploads\\\/2021\\\/12\\\/fredi-fehr-173-ts1558984636-Blick-auf-Morbio-von-Castel-San-Pietro-Oel-auf-Leinwand-121x195-1-scaled.jpg\",\"datePublished\":\"2021-12-28T11:20:05+00:00\",\"dateModified\":\"2022-01-05T11:10:51+00:00\",\"breadcrumb\":{\"@id\":\"https:\\\/\\\/fredyfehr.ch\\\/#breadcrumb\"},\"inLanguage\":\"de-CH\",\"potentialAction\":[{\"@type\":\"ReadAction\",\"target\":[\"https:\\\/\\\/fredyfehr.ch\\\/\"]}]},{\"@type\":\"ImageObject\",\"inLanguage\":\"de-CH\",\"@id\":\"https:\\\/\\\/fredyfehr.ch\\\/#primaryimage\",\"url\":\"https:\\\/\\\/i0.wp.com\\\/fredyfehr.ch\\\/wp-content\\\/uploads\\\/2021\\\/12\\\/fredi-fehr-173-ts1558984636-Blick-auf-Morbio-von-Castel-San-Pietro-Oel-auf-Leinwand-121x195-1-scaled.jpg?fit=2560%2C1576&ssl=1\",\"contentUrl\":\"https:\\\/\\\/i0.wp.com\\\/fredyfehr.ch\\\/wp-content\\\/uploads\\\/2021\\\/12\\\/fredi-fehr-173-ts1558984636-Blick-auf-Morbio-von-Castel-San-Pietro-Oel-auf-Leinwand-121x195-1-scaled.jpg?fit=2560%2C1576&ssl=1\",\"width\":2560,\"height\":1576},{\"@type\":\"BreadcrumbList\",\"@id\":\"https:\\\/\\\/fredyfehr.ch\\\/#breadcrumb\",\"itemListElement\":[{\"@type\":\"ListItem\",\"position\":1,\"name\":\"Home\",\"item\":\"https:\\\/\\\/fredyfehr.ch\\\/\"},{\"@type\":\"ListItem\",\"position\":2,\"name\":\"Homepage\"}]},{\"@type\":\"WebSite\",\"@id\":\"https:\\\/\\\/fredyfehr.ch\\\/#website\",\"url\":\"https:\\\/\\\/fredyfehr.ch\\\/\",\"name\":\"Fredy Fehr\",\"description\":\"Schweizer Kunstmaler\",\"publisher\":{\"@id\":\"https:\\\/\\\/fredyfehr.ch\\\/#organization\"},\"potentialAction\":[{\"@type\":\"SearchAction\",\"target\":{\"@type\":\"EntryPoint\",\"urlTemplate\":\"https:\\\/\\\/fredyfehr.ch\\\/?s={search_term_string}\"},\"query-input\":{\"@type\":\"PropertyValueSpecification\",\"valueRequired\":true,\"valueName\":\"search_term_string\"}}],\"inLanguage\":\"de-CH\"},{\"@type\":\"Organization\",\"@id\":\"https:\\\/\\\/fredyfehr.ch\\\/#organization\",\"name\":\"Fredy Fehr\",\"url\":\"https:\\\/\\\/fredyfehr.ch\\\/\",\"logo\":{\"@type\":\"ImageObject\",\"inLanguage\":\"de-CH\",\"@id\":\"https:\\\/\\\/fredyfehr.ch\\\/#\\\/schema\\\/logo\\\/image\\\/\",\"url\":\"https:\\\/\\\/i0.wp.com\\\/fredyfehr.ch\\\/wp-content\\\/uploads\\\/2021\\\/12\\\/Fredy-Fehr-Logo-2.jpg?fit=500%2C500&ssl=1\",\"contentUrl\":\"https:\\\/\\\/i0.wp.com\\\/fredyfehr.ch\\\/wp-content\\\/uploads\\\/2021\\\/12\\\/Fredy-Fehr-Logo-2.jpg?fit=500%2C500&ssl=1\",\"width\":500,\"height\":500,\"caption\":\"Fredy Fehr\"},\"image\":{\"@id\":\"https:\\\/\\\/fredyfehr.ch\\\/#\\\/schema\\\/logo\\\/image\\\/\"}}]}<\/script>\n<!-- \/ Yoast SEO plugin. -->","yoast_head_json":{"title":"Homepage - Fredy Fehr","robots":{"index":"index","follow":"follow","max-snippet":"max-snippet:-1","max-image-preview":"max-image-preview:large","max-video-preview":"max-video-preview:-1"},"canonical":"https:\/\/fredyfehr.ch\/","og_locale":"de_DE","og_type":"article","og_title":"Homepage - Fredy Fehr","og_description":"Fredy Fehr Friedrich Gottfried \u201eFredy\u201c Fehr (*&nbsp;7.&nbsp;April 1917 in Z\u00fcrich; \u2020 13. Mai 1979 ebenda) war ein Schweizer Kunstmaler. \u00dcber uns Mit dieser Seite m\u00f6chten wir das k\u00fcnstlerische Werk von Fredy Fehr einer breiten \u00d6ffentlichkeit zug\u00e4nglich machen. Kontakt Wenn Sie mehr \u00fcber Fredy Fehr und sein Werk erfahren m\u00f6chten, k\u00f6nnen Sie uns gerne per E-Mail&nbsp;kontaktieren.","og_url":"https:\/\/fredyfehr.ch\/","og_site_name":"Fredy Fehr","article_modified_time":"2022-01-05T11:10:51+00:00","og_image":[{"url":"https:\/\/fredyfehr.ch\/wp-content\/uploads\/2021\/12\/fredi-fehr-173-ts1558984636-Blick-auf-Morbio-von-Castel-San-Pietro-Oel-auf-Leinwand-121x195-1-scaled.jpg","type":"","width":"","height":""}],"twitter_card":"summary_large_image","twitter_misc":{"Gesch\u00e4tzte Lesezeit":"1\u00a0Minute"},"schema":{"@context":"https:\/\/schema.org","@graph":[{"@type":"WebPage","@id":"https:\/\/fredyfehr.ch\/","url":"https:\/\/fredyfehr.ch\/","name":"Homepage - Fredy Fehr","isPartOf":{"@id":"https:\/\/fredyfehr.ch\/#website"},"primaryImageOfPage":{"@id":"https:\/\/fredyfehr.ch\/#primaryimage"},"image":{"@id":"https:\/\/fredyfehr.ch\/#primaryimage"},"thumbnailUrl":"https:\/\/fredyfehr.ch\/wp-content\/uploads\/2021\/12\/fredi-fehr-173-ts1558984636-Blick-auf-Morbio-von-Castel-San-Pietro-Oel-auf-Leinwand-121x195-1-scaled.jpg","datePublished":"2021-12-28T11:20:05+00:00","dateModified":"2022-01-05T11:10:51+00:00","breadcrumb":{"@id":"https:\/\/fredyfehr.ch\/#breadcrumb"},"inLanguage":"de-CH","potentialAction":[{"@type":"ReadAction","target":["https:\/\/fredyfehr.ch\/"]}]},{"@type":"ImageObject","inLanguage":"de-CH","@id":"https:\/\/fredyfehr.ch\/#primaryimage","url":"https:\/\/i0.wp.com\/fredyfehr.ch\/wp-content\/uploads\/2021\/12\/fredi-fehr-173-ts1558984636-Blick-auf-Morbio-von-Castel-San-Pietro-Oel-auf-Leinwand-121x195-1-scaled.jpg?fit=2560%2C1576&ssl=1","contentUrl":"https:\/\/i0.wp.com\/fredyfehr.ch\/wp-content\/uploads\/2021\/12\/fredi-fehr-173-ts1558984636-Blick-auf-Morbio-von-Castel-San-Pietro-Oel-auf-Leinwand-121x195-1-scaled.jpg?fit=2560%2C1576&ssl=1","width":2560,"height":1576},{"@type":"BreadcrumbList","@id":"https:\/\/fredyfehr.ch\/#breadcrumb","itemListElement":[{"@type":"ListItem","position":1,"name":"Home","item":"https:\/\/fredyfehr.ch\/"},{"@type":"ListItem","position":2,"name":"Homepage"}]},{"@type":"WebSite","@id":"https:\/\/fredyfehr.ch\/#website","url":"https:\/\/fredyfehr.ch\/","name":"Fredy Fehr","description":"Schweizer Kunstmaler","publisher":{"@id":"https:\/\/fredyfehr.ch\/#organization"},"potentialAction":[{"@type":"SearchAction","target":{"@type":"EntryPoint","urlTemplate":"https:\/\/fredyfehr.ch\/?s={search_term_string}"},"query-input":{"@type":"PropertyValueSpecification","valueRequired":true,"valueName":"search_term_string"}}],"inLanguage":"de-CH"},{"@type":"Organization","@id":"https:\/\/fredyfehr.ch\/#organization","name":"Fredy Fehr","url":"https:\/\/fredyfehr.ch\/","logo":{"@type":"ImageObject","inLanguage":"de-CH","@id":"https:\/\/fredyfehr.ch\/#\/schema\/logo\/image\/","url":"https:\/\/i0.wp.com\/fredyfehr.ch\/wp-content\/uploads\/2021\/12\/Fredy-Fehr-Logo-2.jpg?fit=500%2C500&ssl=1","contentUrl":"https:\/\/i0.wp.com\/fredyfehr.ch\/wp-content\/uploads\/2021\/12\/Fredy-Fehr-Logo-2.jpg?fit=500%2C500&ssl=1","width":500,"height":500,"caption":"Fredy Fehr"},"image":{"@id":"https:\/\/fredyfehr.ch\/#\/schema\/logo\/image\/"}}]}},"jetpack_sharing_enabled":true,"_links":{"self":[{"href":"https:\/\/fredyfehr.ch\/index.php?rest_route=\/wp\/v2\/pages\/6","targetHints":{"allow":["GET"]}}],"collection":[{"href":"https:\/\/fredyfehr.ch\/index.php?rest_route=\/wp\/v2\/pages"}],"about":[{"href":"https:\/\/fredyfehr.ch\/index.php?rest_route=\/wp\/v2\/types\/page"}],"author":[{"embeddable":true,"href":"https:\/\/fredyfehr.ch\/index.php?rest_route=\/wp\/v2\/users\/1"}],"replies":[{"embeddable":true,"href":"https:\/\/fredyfehr.ch\/index.php?rest_route=%2Fwp%2Fv2%2Fcomments&post=6"}],"version-history":[{"count":24,"href":"https:\/\/fredyfehr.ch\/index.php?rest_route=\/wp\/v2\/pages\/6\/revisions"}],"predecessor-version":[{"id":287,"href":"https:\/\/fredyfehr.ch\/index.php?rest_route=\/wp\/v2\/pages\/6\/revisions\/287"}],"wp:attachment":[{"href":"https:\/\/fredyfehr.ch\/index.php?rest_route=%2Fwp%2Fv2%2Fmedia&parent=6"}],"curies":[{"name":"wp","href":"https:\/\/api.w.org\/{rel}","templated":true}]}}