{"id":8,"date":"2021-12-28T11:20:05","date_gmt":"2021-12-28T11:20:05","guid":{"rendered":"https:\/\/fredyfehr.ch\/?page_id=8"},"modified":"2022-01-05T16:45:44","modified_gmt":"2022-01-05T16:45:44","slug":"kontakt","status":"publish","type":"page","link":"https:\/\/fredyfehr.ch\/?page_id=8","title":{"rendered":"Kontakt"},"content":{"rendered":"\r\n<p>Diese Seite enth\u00e4lt lediglich einen Abriss \u00fcber das Leben und das k\u00fcnstlerische Werk von Fredy Fehr. Neben zahlreichen weiteren Bildern hinterliess er auch umfangreiche Schriften.<\/p>\r\n<p>Wenn Sie mehr dar\u00fcber erfahren m\u00f6chten, k\u00f6nnen Sie uns gerne per E-Mail kontaktieren: <a href=\"mailto:info@fredyfehr.ch\">info@fredyfehr.ch<\/a><\/p>\r\n<figure id=\"attachment_74\" aria-describedby=\"caption-attachment-74\" style=\"width: 750px\" class=\"wp-caption aligncenter\"><img data-recalc-dims=\"1\" loading=\"lazy\" decoding=\"async\" class=\"wp-image-74 size-large\" src=\"https:\/\/i0.wp.com\/fredyfehr.ch\/wp-content\/uploads\/2021\/12\/fredi-fehr-007-ts1554032424-Fischmarkt-in-Sanary-Oel-auf-Leinwand-72x98-1.jpg?resize=750%2C548&#038;ssl=1\" alt=\"\" width=\"750\" height=\"548\" srcset=\"https:\/\/i0.wp.com\/fredyfehr.ch\/wp-content\/uploads\/2021\/12\/fredi-fehr-007-ts1554032424-Fischmarkt-in-Sanary-Oel-auf-Leinwand-72x98-1-scaled.jpg?resize=1024%2C748&amp;ssl=1 1024w, https:\/\/i0.wp.com\/fredyfehr.ch\/wp-content\/uploads\/2021\/12\/fredi-fehr-007-ts1554032424-Fischmarkt-in-Sanary-Oel-auf-Leinwand-72x98-1-scaled.jpg?resize=300%2C219&amp;ssl=1 300w, https:\/\/i0.wp.com\/fredyfehr.ch\/wp-content\/uploads\/2021\/12\/fredi-fehr-007-ts1554032424-Fischmarkt-in-Sanary-Oel-auf-Leinwand-72x98-1-scaled.jpg?resize=768%2C561&amp;ssl=1 768w, https:\/\/i0.wp.com\/fredyfehr.ch\/wp-content\/uploads\/2021\/12\/fredi-fehr-007-ts1554032424-Fischmarkt-in-Sanary-Oel-auf-Leinwand-72x98-1-scaled.jpg?resize=1536%2C1122&amp;ssl=1 1536w, https:\/\/i0.wp.com\/fredyfehr.ch\/wp-content\/uploads\/2021\/12\/fredi-fehr-007-ts1554032424-Fischmarkt-in-Sanary-Oel-auf-Leinwand-72x98-1-scaled.jpg?resize=2048%2C1496&amp;ssl=1 2048w, https:\/\/i0.wp.com\/fredyfehr.ch\/wp-content\/uploads\/2021\/12\/fredi-fehr-007-ts1554032424-Fischmarkt-in-Sanary-Oel-auf-Leinwand-72x98-1-scaled.jpg?resize=1568%2C1145&amp;ssl=1 1568w, https:\/\/i0.wp.com\/fredyfehr.ch\/wp-content\/uploads\/2021\/12\/fredi-fehr-007-ts1554032424-Fischmarkt-in-Sanary-Oel-auf-Leinwand-72x98-1-scaled.jpg?w=2250&amp;ssl=1 2250w\" sizes=\"auto, (max-width: 750px) 100vw, 750px\" \/><figcaption id=\"caption-attachment-74\" class=\"wp-caption-text\">Fredy Fehr, Fischmarkt in Sanary, \u00d6l auf Leinwand<\/figcaption><\/figure>","protected":false},"excerpt":{"rendered":"<p>Diese Seite enth\u00e4lt lediglich einen Abriss \u00fcber das Leben und das k\u00fcnstlerische Werk von Fredy Fehr. Neben zahlreichen weiteren Bildern hinterliess er auch umfangreiche Schriften. Wenn Sie mehr dar\u00fcber erfahren m\u00f6chten, k\u00f6nnen Sie uns gerne per E-Mail kontaktieren: info@fredyfehr.ch<\/p>\n","protected":false},"author":1,"featured_media":0,"parent":0,"menu_order":0,"comment_status":"closed","ping_status":"closed","template":"","meta":{"ngg_post_thumbnail":0,"footnotes":""},"class_list":["post-8","page","type-page","status-publish","hentry","entry"],"yoast_head":"<!-- This site is optimized with the Yoast SEO plugin v27.4 - https:\/\/yoast.com\/product\/yoast-seo-wordpress\/ -->\n<title>Kontakt - Fredy Fehr<\/title>\n<meta name=\"robots\" content=\"index, follow, max-snippet:-1, max-image-preview:large, max-video-preview:-1\" \/>\n<link rel=\"canonical\" href=\"https:\/\/fredyfehr.ch\/?page_id=8\" \/>\n<meta property=\"og:locale\" content=\"de_DE\" \/>\n<meta property=\"og:type\" content=\"article\" \/>\n<meta property=\"og:title\" content=\"Kontakt - Fredy Fehr\" \/>\n<meta property=\"og:description\" content=\"Diese Seite enth\u00e4lt lediglich einen Abriss \u00fcber das Leben und das k\u00fcnstlerische Werk von Fredy Fehr. Neben zahlreichen weiteren Bildern hinterliess er auch umfangreiche Schriften. Wenn Sie mehr dar\u00fcber erfahren m\u00f6chten, k\u00f6nnen Sie uns gerne per E-Mail kontaktieren: info@fredyfehr.ch\" \/>\n<meta property=\"og:url\" content=\"https:\/\/fredyfehr.ch\/?page_id=8\" \/>\n<meta property=\"og:site_name\" content=\"Fredy Fehr\" \/>\n<meta property=\"article:modified_time\" content=\"2022-01-05T16:45:44+00:00\" \/>\n<meta property=\"og:image\" content=\"https:\/\/fredyfehr.ch\/wp-content\/uploads\/2021\/12\/fredi-fehr-007-ts1554032424-Fischmarkt-in-Sanary-Oel-auf-Leinwand-72x98-1-1024x748.jpg\" \/>\n<meta name=\"twitter:card\" content=\"summary_large_image\" \/>\n<meta name=\"twitter:label1\" content=\"Gesch\u00e4tzte Lesezeit\" \/>\n\t<meta name=\"twitter:data1\" content=\"1\u00a0Minute\" \/>\n<script type=\"application\/ld+json\" class=\"yoast-schema-graph\">{\"@context\":\"https:\\\/\\\/schema.org\",\"@graph\":[{\"@type\":\"WebPage\",\"@id\":\"https:\\\/\\\/fredyfehr.ch\\\/?page_id=8\",\"url\":\"https:\\\/\\\/fredyfehr.ch\\\/?page_id=8\",\"name\":\"Kontakt - Fredy Fehr\",\"isPartOf\":{\"@id\":\"https:\\\/\\\/fredyfehr.ch\\\/#website\"},\"primaryImageOfPage\":{\"@id\":\"https:\\\/\\\/fredyfehr.ch\\\/?page_id=8#primaryimage\"},\"image\":{\"@id\":\"https:\\\/\\\/fredyfehr.ch\\\/?page_id=8#primaryimage\"},\"thumbnailUrl\":\"https:\\\/\\\/fredyfehr.ch\\\/wp-content\\\/uploads\\\/2021\\\/12\\\/fredi-fehr-007-ts1554032424-Fischmarkt-in-Sanary-Oel-auf-Leinwand-72x98-1-1024x748.jpg\",\"datePublished\":\"2021-12-28T11:20:05+00:00\",\"dateModified\":\"2022-01-05T16:45:44+00:00\",\"breadcrumb\":{\"@id\":\"https:\\\/\\\/fredyfehr.ch\\\/?page_id=8#breadcrumb\"},\"inLanguage\":\"de-CH\",\"potentialAction\":[{\"@type\":\"ReadAction\",\"target\":[\"https:\\\/\\\/fredyfehr.ch\\\/?page_id=8\"]}]},{\"@type\":\"ImageObject\",\"inLanguage\":\"de-CH\",\"@id\":\"https:\\\/\\\/fredyfehr.ch\\\/?page_id=8#primaryimage\",\"url\":\"https:\\\/\\\/i0.wp.com\\\/fredyfehr.ch\\\/wp-content\\\/uploads\\\/2021\\\/12\\\/fredi-fehr-007-ts1554032424-Fischmarkt-in-Sanary-Oel-auf-Leinwand-72x98-1-scaled.jpg?fit=2560%2C1869&ssl=1\",\"contentUrl\":\"https:\\\/\\\/i0.wp.com\\\/fredyfehr.ch\\\/wp-content\\\/uploads\\\/2021\\\/12\\\/fredi-fehr-007-ts1554032424-Fischmarkt-in-Sanary-Oel-auf-Leinwand-72x98-1-scaled.jpg?fit=2560%2C1869&ssl=1\",\"width\":2560,\"height\":1869,\"caption\":\"Fischmarkt in Sanary, \u00d6l auf Leinwand, 72x98, von Fredy Fehr\"},{\"@type\":\"BreadcrumbList\",\"@id\":\"https:\\\/\\\/fredyfehr.ch\\\/?page_id=8#breadcrumb\",\"itemListElement\":[{\"@type\":\"ListItem\",\"position\":1,\"name\":\"Home\",\"item\":\"https:\\\/\\\/fredyfehr.ch\\\/\"},{\"@type\":\"ListItem\",\"position\":2,\"name\":\"Kontakt\"}]},{\"@type\":\"WebSite\",\"@id\":\"https:\\\/\\\/fredyfehr.ch\\\/#website\",\"url\":\"https:\\\/\\\/fredyfehr.ch\\\/\",\"name\":\"Fredy Fehr\",\"description\":\"Schweizer Kunstmaler\",\"publisher\":{\"@id\":\"https:\\\/\\\/fredyfehr.ch\\\/#organization\"},\"potentialAction\":[{\"@type\":\"SearchAction\",\"target\":{\"@type\":\"EntryPoint\",\"urlTemplate\":\"https:\\\/\\\/fredyfehr.ch\\\/?s={search_term_string}\"},\"query-input\":{\"@type\":\"PropertyValueSpecification\",\"valueRequired\":true,\"valueName\":\"search_term_string\"}}],\"inLanguage\":\"de-CH\"},{\"@type\":\"Organization\",\"@id\":\"https:\\\/\\\/fredyfehr.ch\\\/#organization\",\"name\":\"Fredy Fehr\",\"url\":\"https:\\\/\\\/fredyfehr.ch\\\/\",\"logo\":{\"@type\":\"ImageObject\",\"inLanguage\":\"de-CH\",\"@id\":\"https:\\\/\\\/fredyfehr.ch\\\/#\\\/schema\\\/logo\\\/image\\\/\",\"url\":\"https:\\\/\\\/i0.wp.com\\\/fredyfehr.ch\\\/wp-content\\\/uploads\\\/2021\\\/12\\\/Fredy-Fehr-Logo-2.jpg?fit=500%2C500&ssl=1\",\"contentUrl\":\"https:\\\/\\\/i0.wp.com\\\/fredyfehr.ch\\\/wp-content\\\/uploads\\\/2021\\\/12\\\/Fredy-Fehr-Logo-2.jpg?fit=500%2C500&ssl=1\",\"width\":500,\"height\":500,\"caption\":\"Fredy Fehr\"},\"image\":{\"@id\":\"https:\\\/\\\/fredyfehr.ch\\\/#\\\/schema\\\/logo\\\/image\\\/\"}}]}<\/script>\n<!-- \/ Yoast SEO plugin. -->","yoast_head_json":{"title":"Kontakt - Fredy Fehr","robots":{"index":"index","follow":"follow","max-snippet":"max-snippet:-1","max-image-preview":"max-image-preview:large","max-video-preview":"max-video-preview:-1"},"canonical":"https:\/\/fredyfehr.ch\/?page_id=8","og_locale":"de_DE","og_type":"article","og_title":"Kontakt - Fredy Fehr","og_description":"Diese Seite enth\u00e4lt lediglich einen Abriss \u00fcber das Leben und das k\u00fcnstlerische Werk von Fredy Fehr. Neben zahlreichen weiteren Bildern hinterliess er auch umfangreiche Schriften. Wenn Sie mehr dar\u00fcber erfahren m\u00f6chten, k\u00f6nnen Sie uns gerne per E-Mail kontaktieren: info@fredyfehr.ch","og_url":"https:\/\/fredyfehr.ch\/?page_id=8","og_site_name":"Fredy Fehr","article_modified_time":"2022-01-05T16:45:44+00:00","og_image":[{"url":"https:\/\/fredyfehr.ch\/wp-content\/uploads\/2021\/12\/fredi-fehr-007-ts1554032424-Fischmarkt-in-Sanary-Oel-auf-Leinwand-72x98-1-1024x748.jpg","type":"","width":"","height":""}],"twitter_card":"summary_large_image","twitter_misc":{"Gesch\u00e4tzte Lesezeit":"1\u00a0Minute"},"schema":{"@context":"https:\/\/schema.org","@graph":[{"@type":"WebPage","@id":"https:\/\/fredyfehr.ch\/?page_id=8","url":"https:\/\/fredyfehr.ch\/?page_id=8","name":"Kontakt - Fredy Fehr","isPartOf":{"@id":"https:\/\/fredyfehr.ch\/#website"},"primaryImageOfPage":{"@id":"https:\/\/fredyfehr.ch\/?page_id=8#primaryimage"},"image":{"@id":"https:\/\/fredyfehr.ch\/?page_id=8#primaryimage"},"thumbnailUrl":"https:\/\/fredyfehr.ch\/wp-content\/uploads\/2021\/12\/fredi-fehr-007-ts1554032424-Fischmarkt-in-Sanary-Oel-auf-Leinwand-72x98-1-1024x748.jpg","datePublished":"2021-12-28T11:20:05+00:00","dateModified":"2022-01-05T16:45:44+00:00","breadcrumb":{"@id":"https:\/\/fredyfehr.ch\/?page_id=8#breadcrumb"},"inLanguage":"de-CH","potentialAction":[{"@type":"ReadAction","target":["https:\/\/fredyfehr.ch\/?page_id=8"]}]},{"@type":"ImageObject","inLanguage":"de-CH","@id":"https:\/\/fredyfehr.ch\/?page_id=8#primaryimage","url":"https:\/\/i0.wp.com\/fredyfehr.ch\/wp-content\/uploads\/2021\/12\/fredi-fehr-007-ts1554032424-Fischmarkt-in-Sanary-Oel-auf-Leinwand-72x98-1-scaled.jpg?fit=2560%2C1869&ssl=1","contentUrl":"https:\/\/i0.wp.com\/fredyfehr.ch\/wp-content\/uploads\/2021\/12\/fredi-fehr-007-ts1554032424-Fischmarkt-in-Sanary-Oel-auf-Leinwand-72x98-1-scaled.jpg?fit=2560%2C1869&ssl=1","width":2560,"height":1869,"caption":"Fischmarkt in Sanary, \u00d6l auf Leinwand, 72x98, von Fredy Fehr"},{"@type":"BreadcrumbList","@id":"https:\/\/fredyfehr.ch\/?page_id=8#breadcrumb","itemListElement":[{"@type":"ListItem","position":1,"name":"Home","item":"https:\/\/fredyfehr.ch\/"},{"@type":"ListItem","position":2,"name":"Kontakt"}]},{"@type":"WebSite","@id":"https:\/\/fredyfehr.ch\/#website","url":"https:\/\/fredyfehr.ch\/","name":"Fredy Fehr","description":"Schweizer Kunstmaler","publisher":{"@id":"https:\/\/fredyfehr.ch\/#organization"},"potentialAction":[{"@type":"SearchAction","target":{"@type":"EntryPoint","urlTemplate":"https:\/\/fredyfehr.ch\/?s={search_term_string}"},"query-input":{"@type":"PropertyValueSpecification","valueRequired":true,"valueName":"search_term_string"}}],"inLanguage":"de-CH"},{"@type":"Organization","@id":"https:\/\/fredyfehr.ch\/#organization","name":"Fredy Fehr","url":"https:\/\/fredyfehr.ch\/","logo":{"@type":"ImageObject","inLanguage":"de-CH","@id":"https:\/\/fredyfehr.ch\/#\/schema\/logo\/image\/","url":"https:\/\/i0.wp.com\/fredyfehr.ch\/wp-content\/uploads\/2021\/12\/Fredy-Fehr-Logo-2.jpg?fit=500%2C500&ssl=1","contentUrl":"https:\/\/i0.wp.com\/fredyfehr.ch\/wp-content\/uploads\/2021\/12\/Fredy-Fehr-Logo-2.jpg?fit=500%2C500&ssl=1","width":500,"height":500,"caption":"Fredy Fehr"},"image":{"@id":"https:\/\/fredyfehr.ch\/#\/schema\/logo\/image\/"}}]}},"jetpack_sharing_enabled":true,"_links":{"self":[{"href":"https:\/\/fredyfehr.ch\/index.php?rest_route=\/wp\/v2\/pages\/8","targetHints":{"allow":["GET"]}}],"collection":[{"href":"https:\/\/fredyfehr.ch\/index.php?rest_route=\/wp\/v2\/pages"}],"about":[{"href":"https:\/\/fredyfehr.ch\/index.php?rest_route=\/wp\/v2\/types\/page"}],"author":[{"embeddable":true,"href":"https:\/\/fredyfehr.ch\/index.php?rest_route=\/wp\/v2\/users\/1"}],"replies":[{"embeddable":true,"href":"https:\/\/fredyfehr.ch\/index.php?rest_route=%2Fwp%2Fv2%2Fcomments&post=8"}],"version-history":[{"count":14,"href":"https:\/\/fredyfehr.ch\/index.php?rest_route=\/wp\/v2\/pages\/8\/revisions"}],"predecessor-version":[{"id":290,"href":"https:\/\/fredyfehr.ch\/index.php?rest_route=\/wp\/v2\/pages\/8\/revisions\/290"}],"wp:attachment":[{"href":"https:\/\/fredyfehr.ch\/index.php?rest_route=%2Fwp%2Fv2%2Fmedia&parent=8"}],"curies":[{"name":"wp","href":"https:\/\/api.w.org\/{rel}","templated":true}]}}